{"id":2201,"date":"2019-10-01T09:16:41","date_gmt":"2019-10-01T09:16:41","guid":{"rendered":"http:\/\/www.srbatom.gov.rs\/srbatomm\/monitoring-radioaktivnosti\/"},"modified":"2025-07-17T10:37:42","modified_gmt":"2025-07-17T10:37:42","slug":"monitoring-radioaktivnosti","status":"publish","type":"page","link":"https:\/\/www.srbatom.gov.rs\/srbatomm\/monitoring-radioaktivnosti\/?lang=bs","title":{"rendered":"Monitoring radioaktivnosti"},"content":{"rendered":"<p>[et_pb_section fb_built=&#8220;1&#8243; _builder_version=&#8220;4.16&#8243; background_image=&#8220;https:\/\/www.srbatom.gov.rs\/srbatomm\/wp-content\/uploads\/2019\/10\/monitoring-header.jpg&#8220; custom_padding=&#8220;150px||0px||false|false&#8220; global_colors_info=&#8220;{}&#8220;][et_pb_row column_structure=&#8220;1_2,1_2&#8243; use_custom_gutter=&#8220;on&#8220; gutter_width=&#8220;1&#8243; _builder_version=&#8220;4.16&#8243; width=&#8220;100%&#8220; max_width=&#8220;2560px&#8220; custom_padding=&#8220;0px||0px||true|false&#8220; global_colors_info=&#8220;{}&#8220;][et_pb_column type=&#8220;1_2&#8243; _builder_version=&#8220;4.16&#8243; background_color=&#8220;rgba(0,132,180,0.9)&#8220; custom_padding=&#8220;50px|75px|50px|75px|true|true&#8220; border_radii=&#8220;off||50px||&#8220; global_colors_info=&#8220;{}&#8220;][et_pb_text _builder_version=&#8220;4.16&#8243; background_layout=&#8220;dark&#8220; header_font_size_tablet=&#8220;32px&#8220; header_font_size_phone=&#8220;28px&#8220; header_font_size_last_edited=&#8220;on|phone&#8220; global_colors_info=&#8220;{}&#8220;]<\/p>\n<h1>Monitoring radioaktivnosti<\/h1>\n<p>[\/et_pb_text][\/et_pb_column][et_pb_column type=&#8220;1_2&#8243; _builder_version=&#8220;4.16&#8243; global_colors_info=&#8220;{}&#8220;][\/et_pb_column][\/et_pb_row][\/et_pb_section][et_pb_section fb_built=&#8220;1&#8243; _builder_version=&#8220;4.16&#8243; global_colors_info=&#8220;{}&#8220;][\/et_pb_section][et_pb_section fb_built=&#8220;1&#8243; use_custom_gutter=&#8220;on&#8220; gutter_width=&#8220;2&#8243; specialty=&#8220;on&#8220; module_class=&#8220;top-home&#8220; _builder_version=&#8220;4.16&#8243; background_color=&#8220;#ffffff&#8220; custom_padding=&#8220;0px||0px||true|false&#8220; global_colors_info=&#8220;{}&#8220;][et_pb_column type=&#8220;3_4&#8243; specialty_columns=&#8220;3&#8243; _builder_version=&#8220;4.16&#8243; custom_padding=&#8220;|||&#8220; global_colors_info=&#8220;{}&#8220; custom_padding__hover=&#8220;|||&#8220;][et_pb_row_inner _builder_version=&#8220;4.16&#8243; custom_padding=&#8220;50px||50px||false|false&#8220; global_colors_info=&#8220;{}&#8220;][et_pb_column_inner saved_specialty_column_type=&#8220;3_4&#8243; _builder_version=&#8220;4.16&#8243; global_colors_info=&#8220;{}&#8220;][et_pb_text _builder_version=&#8220;4.16&#8243; global_colors_info=&#8220;{}&#8220;]<\/p>\n<p>MONITORING RADIOAKTIVNOSTI U \u017dIVOTNOJ SREDINI<\/p>\n<p>U nuklearnim probama tokom XX veka i u nuklearnim akcidentima, pre svega u \u010cernobilju 1986. godine i u Fuku\u0161imi 2011. godine, u atmosferu je ispu\u0161tena velika koli\u010dina ve\u0161ta\u010dkih radionuklida \u0161to je uzrokovalo kontaminaciju \u017eivotne sredine \u0161irokih razmera. U \u017eivotnoj sredini Srbije mogu\u0107e je detektovati proizvedene radionuklide koji su posledica nuklearnog akcidenta u \u010cernobilju. Pored toga, jedan deo \u017eivotne sredine Srbije je kontaminiran osiroma\u0161enim uranijumom tokom dejstava snaga NATO 1999. godine. Potencijalni zaga\u0111iva\u010di \u017eivotne sredine radioaktivnim materijama su i nuklearne elektrane kojih ima nekoliko u susednim dr\u017eavama, zatim razli\u010diti tehnolo\u0161ki procesi u kojima dolazi do pove\u0107anja koncentracije prirodnih radionuklida. Zbog toga je neophodno vr\u0161iti sistematsko pra\u0107enje radioaktivnosti, kako bi se procenila ugro\u017eenost \u017eivotne sredine i omogu\u0107io pravovremeni odgovor u slu\u010daju pove\u0107anja radioaktivnosti, kao i sprovo\u0111enje mera radijacione sigurnosti i bezbednosti.<\/p>\n<p>&nbsp;<\/p>\n<p>Sistematsko ispitivanje radioaktivnosti u \u017eivotnoj sredini (u daljem tekstu: monitoring radioaktivnosti) se, prema Zakonu o radijacionoj i nuklearnoj sigurnosti i bezbednosti (&#8222;Slu\u017ebeni glasnik RS&#8220; br. 95\/18 i 10\/19), vr\u0161i radi utvr\u0111ivanja prisustva radionuklida u \u017eivotnoj sredini i procene nivoa izlaganja stanovni\u0161tva jonizuju\u0107im zra\u010denjima i to u redovnim uslovima, u slu\u010daju sumnje na akcident i u toku akcidenta. Pravilnikom o utvr\u0111ivanju Programa sistematskog ispitivanja radioaktivnosti u \u017eivotnoj sredini (&#8222;Slu\u017ebeni glasnik RS&#8220; br. 100\/10) utvr\u0111ena su mesta, vremenski intervali, vrste i na\u010din sistematskog ispitivanja radioaktivnosti u \u017eivotnoj sredini koji daju osnovne podatke za procenu radijacionog optere\u0107enja stanovni\u0161tva, kao i osnovne podatke o prose\u010dnom nivou radioaktivnosti. Kontinuirano\u00a0 pra\u0107enje ovih podataka mo\u017ee da uka\u017ee na eventualne promene i ne\u017eeljena de\u0161avanja u \u017eivotnoj sredini.<\/p>\n<p>&nbsp;<\/p>\n<p><strong>Sakupljanje i analizu uzoraka obavljaju pravna lica, koja obavljaju poslove za\u0161tite od zra\u010denja, a ovla\u0161\u0107ena su od strane Direktorata za radijacionu i nuklearnu sigurnost i bezbednost Srbije. Na osnovu rezultata monitoringa radioaktivnosti Direktorat prati ugro\u017eenost \u017eivotne sredine od jonizuju\u0107eg zra\u010denja i izlaganje stanovni\u0161tva jonizuju\u0107em zra\u010denju, nala\u017ee preduzimanje hitnih mera u slu\u010daju pove\u0107anja radioaktivnosti i vr\u0161i procenu doza koje stanovni\u0161tvo primi od jonizuju\u0107eg zra\u010denja iz \u017eivotne sredine.<\/strong><\/p>\n<p>&nbsp;<\/p>\n<p>Godi\u0161nja efektivna doza koju primi prose\u010dan stanovnik Srbije najve\u0107im delom poti\u010de od zra\u010denja prirodnog porekla iz svemira, na nivou tla, zemljine kore i ljudskog organizma. Prema podacima Nau\u010dnog odbora Ujedinjenih nacija o efektima atomskog zra\u010denja (United Nations Scientific Committee on the Effects of Atomic Radiation, UNSCEAR) prose\u010dna ukupna godi\u0161nja efektivna doza koju \u010dovek primi od ovih izvora iznosi 2,4\u00a0mSv (UNSCEAR 2008 Report). Iako najve\u0107i doprinos ukupnoj dozi koju primi \u010dovek daju izvori jonizuju\u0107eg zra\u010denja iz prirode, nije zanemarljiv doprinos izlaganju izvorima jonizuju\u0107eg zra\u010denja koji se koriste u medicini, u dijagnosti\u010dke i u terapijske svrhe (slika).<\/p>\n<p>&nbsp;<\/p>\n<p><img loading=\"lazy\" decoding=\"async\" class=\"wp-image-4950 alignnone size-medium\" style=\"display: block; margin-left: auto; margin-right: auto;\" src=\"https:\/\/www.srbatom.gov.rs\/srbatomm\/wp-content\/uploads\/2019\/11\/Procena-ozracenosti-300x180.png\" alt=\"\" width=\"448\" height=\"269\" \/><\/p>\n<p>\u00a0Slika: Procena ozra\u010denosti stanovni\u0161tva od razli\u010ditih izvora na svetskom nivou (mSv\/god), UNSCEAR 2008 Report<\/p>\n<p>&nbsp;<\/p>\n<p>Godi\u0161nje doze izra\u017eene u milisivertima (mSv) koje \u010dovek primi od prirodnih izvora zra\u010denja (UNSCEAR 2008 Report):<\/p>\n<table width=\"100%\">\n<thead>\n<tr>\n<td width=\"21%\">Izvor zra\u010denja ili na\u010din izlaganja<\/td>\n<td width=\"11%\">Prose\u010dna godi\u0161nja doza (mSv)<\/td>\n<td width=\"16%\">Interval uobi\u010dajenih\u00a0 vrednosti godi\u0161nje doze (mSv)<\/td>\n<td width=\"50%\">Napomena<\/td>\n<\/tr>\n<\/thead>\n<tbody>\n<tr>\n<td width=\"21%\">Inhalacija (radon)<\/td>\n<td width=\"11%\">1,26<\/td>\n<td width=\"16%\">0,2-10<\/td>\n<td width=\"50%\">U nekim domovima doza mo\u017ee biti znatno vi\u0161a od tipi\u010dnih vrednosti .<\/td>\n<\/tr>\n<tr>\n<td width=\"21%\">Spolja\u0161nje zra\u010denje<\/td>\n<td width=\"11%\">0,48<\/td>\n<td width=\"16%\">0,3-1<\/td>\n<td width=\"50%\">Na nekim mestima doza mo\u017ee biti vi\u0161a od tipi\u010dnih vrednosti.<\/td>\n<\/tr>\n<tr>\n<td width=\"21%\">Ingestija<\/td>\n<td width=\"11%\">0,29<\/td>\n<td width=\"16%\">0,2-1<\/td>\n<td width=\"50%\">\u00a0<\/td>\n<\/tr>\n<tr>\n<td width=\"21%\">Kosmi\u010dko zra\u010denje<\/td>\n<td width=\"11%\">0,39<\/td>\n<td width=\"16%\">0,3-1<\/td>\n<td width=\"50%\">Doza se pove\u0107ava sa pove\u0107anjem nadmorske visine..<\/td>\n<\/tr>\n<tr>\n<td width=\"21%\">Ukupno od izvora prirodnog porekla<\/td>\n<td width=\"11%\">2,4<\/td>\n<td width=\"16%\">1-13<\/td>\n<td width=\"50%\">\u00a0<\/td>\n<\/tr>\n<\/tbody>\n<\/table>\n<p>&nbsp;<\/p>\n<p>Direktorat za radijacionu i nuklearnu sigurnost i bezbednost Srbije objavljuje godi\u0161nji izve\u0161taj o nivou izlaganja stanovni\u0161tva jonizuju\u0107im zra\u010denjima iz \u017eivotne sredine u Republici Srbiji.<\/p>\n<p>&nbsp;<\/p>\n<p>&nbsp;<\/p>\n<p>[\/et_pb_text][et_pb_text module_class=&#8220;custom-table&#8220; _builder_version=&#8220;4.27.4&#8243; min_height=&#8220;799px&#8220; hover_enabled=&#8220;0&#8243; global_colors_info=&#8220;{}&#8220; sticky_enabled=&#8220;0&#8243;]<\/p>\n<table style=\"width: 100%; height: 750px;\">\n<tbody>\n<tr>\n<td style=\"width: 12.3379%;\"><img loading=\"lazy\" decoding=\"async\" src=\"https:\/\/www.srbatom.gov.rs\/srbatomm\/wp-content\/uploads\/2019\/09\/pdf.png\" width=\"32\" height=\"32\" alt=\"\" class=\"wp-image-430 alignnone size-full\" \/><\/td>\n<td style=\"width: 82.6621%;\"><a href=\"https:\/\/www.srbatom.gov.rs\/srbatomm\/wp-content\/uploads\/2025\/07\/Izvestaj-Monitoring-2024-konacni.pdf\" target=\"_blank\" rel=\"noopener\">Izve\u0161taj o nivou izlaganja stanovni\u0161tva jonizuju\u0107im zra\u010denjima iz \u017eivotne sredine u Republici Srbiji u 2024. godini<\/a><\/td>\n<\/tr>\n<tr>\n<td style=\"width: 12.3379%;\"><img loading=\"lazy\" decoding=\"async\" src=\"https:\/\/www.srbatom.gov.rs\/srbatomm\/wp-content\/uploads\/2019\/09\/pdf.png\" width=\"32\" height=\"32\" alt=\"\" class=\"wp-image-430 alignnone size-full\" \/><\/td>\n<td style=\"width: 82.6621%;\"><a href=\"https:\/\/www.srbatom.gov.rs\/srbatomm\/wp-content\/uploads\/2024\/07\/Izvestaj-Monitoring-2023-konacni.pdf\" target=\"_blank\" rel=\"noopener\">Izve\u0161taj o nivou izlaganja stanovni\u0161tva jonizuju\u0107im zra\u010denjima iz \u017eivotne sredine u Republici Srbiji u 2023. godini<\/a><\/td>\n<\/tr>\n<tr style=\"height: 24px;\">\n<td style=\"width: 12.3379%; height: 24px;\"><img loading=\"lazy\" decoding=\"async\" src=\"https:\/\/www.srbatom.gov.rs\/srbatomm\/wp-content\/uploads\/2019\/09\/pdf.png\" width=\"32\" height=\"32\" alt=\"\" class=\"wp-image-430 alignnone size-full\" \/><\/td>\n<td style=\"width: 82.6621%; height: 24px;\"><a href=\"\/\/www.srbatom.gov.rs\/srbatomm\/wp-content\/uploads\/2023\/07\/Izvestaj-Monitoring-2022.pdf\" target=\"_blank\" rel=\"noopener\">Izve\u0161taj o nivou izlaganja stanovni\u0161tva jonizuju\u0107im zra\u010denjima iz \u017eivotne sredine u Republici Srbiji u 2022. godini<\/a><\/td>\n<\/tr>\n<tr style=\"height: 24px;\">\n<td style=\"width: 12.3379%; height: 24px;\"><img loading=\"lazy\" decoding=\"async\" src=\"https:\/\/www.srbatom.gov.rs\/srbatomm\/wp-content\/uploads\/2019\/09\/pdf.png\" width=\"32\" height=\"32\" alt=\"\" class=\"wp-image-430 alignnone size-full\" \/><\/td>\n<td style=\"width: 82.6621%; height: 24px;\"><a href=\"\/\/www.srbatom.gov.rs\/srbatomm\/wp-content\/uploads\/2022\/08\/Izvestaj-Monitoring-2021.pdf\" target=\"_blank\" rel=\"noopener\">Izve\u0161taj o nivou izlaganja stanovni\u0161tva jonizuju\u0107im zra\u010denjima iz \u017eivotne sredine u Republici Srbiji u 2021. godini<\/a><\/td>\n<\/tr>\n<tr style=\"height: 48px;\">\n<td style=\"width: 12.3379%; height: 48px;\"><img loading=\"lazy\" decoding=\"async\" src=\"https:\/\/www.srbatom.gov.rs\/srbatomm\/wp-content\/uploads\/2019\/09\/pdf.png\" width=\"32\" height=\"32\" alt=\"\" class=\"wp-image-430 alignnone size-full\" \/><\/td>\n<td style=\"width: 82.6621%; height: 48px;\"><a href=\"https:\/\/www.srbatom.gov.rs\/srbatomm\/wp-content\/uploads\/2021\/07\/Izvestaj-Monitoring-2020_finalno.pdf\" target=\"_blank\" rel=\"noopener noreferrer\">Izve\u0161taj o nivou izlaganja stanovni\u0161tva jonizuju\u0107im zra\u010denjima iz \u017eivotne sredine u Republici Srbiji u 2020.godini<\/a><\/td>\n<\/tr>\n<tr style=\"height: 48px;\">\n<td style=\"width: 12.3379%; height: 48px;\"><img loading=\"lazy\" decoding=\"async\" src=\"https:\/\/www.srbatom.gov.rs\/srbatomm\/wp-content\/uploads\/2019\/09\/pdf.png\" width=\"32\" height=\"32\" alt=\"\" class=\"wp-image-430 alignnone size-full\" \/><\/td>\n<td style=\"width: 82.6621%; height: 48px;\"><a href=\"https:\/\/www.srbatom.gov.rs\/srbatomm\/wp-content\/uploads\/2020\/07\/Izvestaj-Monitoring-2019-20200713.pdf\" target=\"_blank\" rel=\"noopener noreferrer\">Izve\u0161taj o nivou izlaganja stanovni\u0161tva jonizuju\u0107im zra\u010denjima iz \u017eivotne sredine u Republici Srbiji u 2019.godini<\/a><\/td>\n<\/tr>\n<tr style=\"height: 48px;\">\n<td style=\"width: 12.3379%; height: 48px;\"><img decoding=\"async\" src=\"\/srbatomm\/wp-content\/uploads\/2019\/09\/pdf.png\" width=\"32px\" \/><\/td>\n<td style=\"width: 82.6621%; height: 48px;\"><a href=\"https:\/\/www.srbatom.gov.rs\/srbatomm\/wp-content\/uploads\/2019\/10\/Izvestaj-Monitoring-2018.pdf\" target=\"_blank\" rel=\"noopener noreferrer\">Izve\u0161taj o nivou izlaganja stanovni\u0161tva jonizuju\u0107im zra\u010denjima iz \u017eivotne sredine u Republici Srbiji u 2018.godini<\/a><\/td>\n<\/tr>\n<tr style=\"height: 48px;\">\n<td style=\"width: 12.3379%; height: 48px;\"><img decoding=\"async\" src=\"\/srbatomm\/wp-content\/uploads\/2019\/09\/pdf.png\" width=\"32px\" \/><\/td>\n<td style=\"width: 82.6621%; height: 48px;\"><a href=\"https:\/\/www.srbatom.gov.rs\/srbatomm\/wp-content\/uploads\/2019\/10\/Izvestaj-za-2017_-Monitoring_08072018.pdf\" target=\"_blank\" rel=\"noopener noreferrer\">Izve\u0161taj o nivou izlaganja stanovni\u0161tva jonizuju\u0107im zra\u010denjima iz \u017eivotne sredine u Republici Srbiji u 2017.godini<\/a><\/td>\n<\/tr>\n<tr style=\"height: 48px;\">\n<td style=\"width: 12.3379%; height: 48px;\"><img decoding=\"async\" src=\"\/srbatomm\/wp-content\/uploads\/2019\/09\/pdf.png\" width=\"32px\" \/><\/td>\n<td style=\"width: 82.6621%; height: 48px;\"><a href=\"https:\/\/www.srbatom.gov.rs\/srbatomm\/wp-content\/uploads\/2019\/10\/Izvestaj-Jug-Srbije-za-2017-konacno-26-mart.pdf\" target=\"_blank\" rel=\"noopener noreferrer\">Ispitivanja sadr\u017eaja radionuklida u \u017eivotnoj sredini u 2017. godini na lokacijama na kojima je dejstvovano osiroma\u0161enim uranijumom<\/a><\/td>\n<\/tr>\n<tr style=\"height: 48px;\">\n<td style=\"width: 12.3379%; height: 48px;\"><img decoding=\"async\" src=\"\/srbatomm\/wp-content\/uploads\/2019\/09\/pdf.png\" width=\"32px\" \/><\/td>\n<td style=\"width: 82.6621%; height: 48px;\"><a href=\"https:\/\/www.srbatom.gov.rs\/srbatomm\/wp-content\/uploads\/2019\/10\/Monitoring-za-2016-godinu.pdf\" target=\"_blank\" rel=\"noopener noreferrer\">Izve\u0161taj o nivou izlaganja stanovni\u0161tva jonizuju\u0107im zra\u010denjima iz \u017eivotne sredine u Republici Srbiji u 2016.godini<\/a><\/td>\n<\/tr>\n<tr style=\"height: 48px;\">\n<td style=\"width: 12.3379%; height: 48px;\"><img decoding=\"async\" src=\"\/srbatomm\/wp-content\/uploads\/2019\/09\/pdf.png\" width=\"32px\" \/><\/td>\n<td style=\"width: 82.6621%; height: 48px;\"><a href=\"https:\/\/www.srbatom.gov.rs\/srbatomm\/wp-content\/uploads\/2019\/10\/Izvestaj-Jug-Srbije-2016-Zastita.pdf\" target=\"_blank\" rel=\"noopener noreferrer\">Ispitivanja sadr\u017eaja radionuklida u \u017eivotnoj sredini u 2016. godini na lokacijama na kojima je dejstvovano osiroma\u0161enim uranijumom<\/a><\/td>\n<\/tr>\n<tr style=\"height: 48px;\">\n<td style=\"width: 12.3379%; height: 48px;\"><img decoding=\"async\" src=\"\/srbatomm\/wp-content\/uploads\/2019\/09\/pdf.png\" width=\"32px\" \/><\/td>\n<td style=\"width: 82.6621%; height: 48px;\"><a href=\"https:\/\/www.srbatom.gov.rs\/srbatomm\/wp-content\/uploads\/2019\/10\/Izvestaj-Monitoring-2015.pdf\" target=\"_blank\" rel=\"noopener noreferrer\">Izve\u0161taj o nivou izlaganja stanovni\u0161tva jonizuju\u0107im zra\u010denjima iz \u017eivotne sredine u Republici Srbiji u 2015. godini<\/a><\/td>\n<\/tr>\n<tr style=\"height: 39px;\">\n<td style=\"width: 12.3379%; height: 39px;\"><img decoding=\"async\" src=\"\/srbatomm\/wp-content\/uploads\/2019\/09\/pdf.png\" width=\"32px\" \/><\/td>\n<td style=\"width: 82.6621%; height: 39px;\"><a href=\"https:\/\/www.srbatom.gov.rs\/srbatomm\/wp-content\/uploads\/2019\/10\/Izv-sadryaj-radionuklida-u-zemljistu-za-2015.pdf\" target=\"_blank\" rel=\"noopener noreferrer\">Izve\u0161taj o sistematskom ispitivanju sadr\u017eaja radionuklida u zemlji\u0161tu za 2015. godinu<\/a><\/td>\n<\/tr>\n<tr style=\"height: 48px;\">\n<td style=\"width: 12.3379%; height: 48px;\"><img decoding=\"async\" src=\"\/srbatomm\/wp-content\/uploads\/2019\/09\/pdf.png\" width=\"32px\" \/><\/td>\n<td style=\"width: 82.6621%; height: 48px;\"><a href=\"https:\/\/www.srbatom.gov.rs\/srbatomm\/wp-content\/uploads\/2019\/10\/Monitoring-izvestaj-2014.pdf\" target=\"_blank\" rel=\"noopener noreferrer\">Izve\u0161taj o nivou izlaganja stanovni\u0161tva jonizuju\u0107im zra\u010denjima iz \u017eivotne sredine u Republici Srbiji u 2014. godini<\/a><\/td>\n<\/tr>\n<tr style=\"height: 39px;\">\n<td style=\"width: 12.3379%; height: 39px;\"><img decoding=\"async\" src=\"\/srbatomm\/wp-content\/uploads\/2019\/09\/pdf.png\" width=\"32px\" \/><\/td>\n<td style=\"width: 82.6621%; height: 39px;\"><a href=\"https:\/\/www.srbatom.gov.rs\/srbatomm\/wp-content\/uploads\/2019\/10\/Zemljiste-Izvestaj-za-2014.pdf\" target=\"_blank\" rel=\"noopener noreferrer\">Izve\u0161taj o sistematskom ispitivanju sadr\u017eaja radionuklida u zemlji\u0161tu u 2014. godini<\/a><\/td>\n<\/tr>\n<tr style=\"height: 48px;\">\n<td style=\"width: 12.3379%; height: 48px;\"><img decoding=\"async\" src=\"\/srbatomm\/wp-content\/uploads\/2019\/09\/pdf.png\" width=\"32px\" \/><\/td>\n<td style=\"width: 82.6621%; height: 48px;\"><a href=\"https:\/\/www.srbatom.gov.rs\/srbatomm\/wp-content\/uploads\/2019\/10\/monitoring-izvestaj-2013-MES.pdf\" target=\"_blank\" rel=\"noopener noreferrer\">Izve\u0161taj o nivou izlaganja stanovni\u0161tva jonizuju\u0107im zra\u010denjima iz \u017eivotne sredine u Republici Srbiji u 2013. godini<\/a><\/td>\n<\/tr>\n<tr style=\"height: 48px;\">\n<td style=\"width: 12.3379%; height: 48px;\"><img decoding=\"async\" src=\"\/srbatomm\/wp-content\/uploads\/2019\/09\/pdf.png\" width=\"32px\" \/><\/td>\n<td style=\"width: 82.6621%; height: 48px;\"><a href=\"https:\/\/www.srbatom.gov.rs\/srbatomm\/wp-content\/uploads\/2019\/10\/monitoring-izvestaj-2012-MES.pdf\" target=\"_blank\" rel=\"noopener noreferrer\">Izve\u0161taj o nivou izlaganja stanovni\u0161tva jonizuju\u0107im zra\u010denjima iz \u017eivotne sredine u Republici Srbiji u 2012. godini<\/a><\/td>\n<\/tr>\n<tr style=\"height: 48px;\">\n<td style=\"width: 12.3379%; height: 48px;\"><img decoding=\"async\" src=\"\/srbatomm\/wp-content\/uploads\/2019\/09\/pdf.png\" width=\"32px\" \/><\/td>\n<td style=\"width: 82.6621%; height: 48px;\"><a href=\"https:\/\/www.srbatom.gov.rs\/srbatomm\/wp-content\/uploads\/2019\/10\/monitoring-izvestaj-2011.pdf\" target=\"_blank\" rel=\"noopener noreferrer\">Izve\u0161taj o nivou izlaganja stanovni\u0161tva jonizuju\u0107im zra\u010denjima iz \u017eivotne sredine u Republici Srbiji u 2011. godini<\/a><\/td>\n<\/tr>\n<tr style=\"height: 48px;\">\n<td style=\"width: 12.3379%; height: 48px;\"><img decoding=\"async\" src=\"\/srbatomm\/wp-content\/uploads\/2019\/09\/pdf.png\" width=\"32px\" \/><\/td>\n<td style=\"width: 82.6621%; height: 48px;\"><a href=\"https:\/\/www.srbatom.gov.rs\/srbatomm\/wp-content\/uploads\/2019\/10\/Monitoring-izvestaj.pdf\" target=\"_blank\" rel=\"noopener noreferrer\">Izve\u0161taj o nivou izlaganja stanovni\u0161tva jonizuju\u0107im zra\u010denjima iz \u017eivotne sredine u Republici Srbiji u 2010. godini<\/a><\/td>\n<\/tr>\n<\/tbody>\n<\/table>\n<p>[\/et_pb_text][et_pb_text _builder_version=&#8220;4.16&#8243; header_3_font_size=&#8220;21px&#8220; custom_margin=&#8220;30px||||false|false&#8220; global_colors_info=&#8220;{}&#8220;]<\/p>\n<h3>RANO UPOZORAVANjE NA AKCIDENT<\/h3>\n<p>[\/et_pb_text][et_pb_text _builder_version=&#8220;4.16&#8243; global_colors_info=&#8220;{}&#8220;]<\/p>\n<p>U cilju blagovremenog delovanja u slu\u010daju nuklearne ili radiolo\u0161ke vanredne situacije, radi izbegavanja i umanjenja \u0161tetnih posledica dejstva zra\u010denja po zdravlje i \u017eivote ljudi i \u017eivotnu sredinu, u Srbiji je uspostavljen automatski sistem pravovremene najave akcidenta.<\/p>\n<p>U skladu sa sporazumom sa Evropskom Unijom, podaci iz sistema pravovremene najave akcidenta se od 2011. godine \u0161alju u evropsku mre\u017eu za razmenu podataka EURDEP (European Radiologcal Data Exchange Platform). Sporazumom se Direktorat za radijacionu i nuklearnu sigurnost i bezbednost obavezuje da podatke o ja\u010dini ambijentalnog ekvivalenta doze \u0161alje EURDEP mre\u017ei u redovnim uslovima i u vanrednim situacijama. Tako\u0111e, Direktoratu je sporazumom omogu\u0107en pristup podacima o monitoringu radioaktivnosi svih drugih dr\u017eava \u010dlanica EURDEP tako da Direktorat, u svakom trenutku, ima podatke o vrednostima ja\u010dine ambijentalnog ekvivalenta doze izmerenim u dr\u017eavama Evropske Unije.<\/p>\n<p>[\/et_pb_text][et_pb_button button_url=&#8220;https:\/\/remap.jrc.ec.europa.eu\/Simple.aspx&#8220; url_new_window=&#8220;on&#8220; button_text=&#8220;Evropska platforma za razmenu podataka o radioaktivnosti EURDEP&#8220; _builder_version=&#8220;4.16&#8243; global_colors_info=&#8220;{}&#8220;][\/et_pb_button][et_pb_text _builder_version=&#8220;4.16&#8243; header_3_font_size=&#8220;21px&#8220; custom_margin=&#8220;30px||||false|false&#8220; global_colors_info=&#8220;{}&#8220;]<\/p>\n<h3>Mese\u010dni izve\u0161taji o ja\u010dini ambijentalnog ekvivalenta doze gama zra\u010denja<\/h3>\n<p>[\/et_pb_text][et_pb_text module_class=&#8220;custom-table&#8220; _builder_version=&#8220;4.16&#8243; global_colors_info=&#8220;{}&#8220;]<\/p>\n<table style=\"width: 60%; margin-left: auto; margin-right: auto;\">\n<tbody>\n<tr>\n<td><img decoding=\"async\" src=\"\/srbatomm\/wp-content\/uploads\/2019\/09\/pdf.png\" width=\"32px\"><\/td>\n<td><a href=\"\/wp-content\/uploads\/2019\/10\/doza-januar-2015.pdf\" target=\"_blank\" rel=\"noopener noreferrer\">Januar 2015.<\/a><\/td>\n<\/tr>\n<tr>\n<td><img decoding=\"async\" src=\"\/srbatomm\/wp-content\/uploads\/2019\/09\/pdf.png\" width=\"32px\"><\/td>\n<td><a href=\"\/wp-content\/uploads\/2019\/10\/doza-decembar-2014.pdf\" target=\"_blank\" rel=\"noopener noreferrer\">Decembar 2014.<\/a><\/td>\n<\/tr>\n<tr>\n<td><img decoding=\"async\" src=\"\/srbatomm\/wp-content\/uploads\/2019\/09\/pdf.png\" width=\"32px\"><\/td>\n<td><a href=\"\/wp-content\/uploads\/2019\/10\/doza-novembar-2014.pdf\" target=\"_blank\" rel=\"noopener noreferrer\">Novembar 2014.<\/a><\/td>\n<\/tr>\n<tr>\n<td><img decoding=\"async\" src=\"\/srbatomm\/wp-content\/uploads\/2019\/09\/pdf.png\" width=\"32px\"><\/td>\n<td><a href=\"\/wp-content\/uploads\/2019\/10\/doza-oktobar-2014.pdf\" target=\"_blank\" rel=\"noopener noreferrer\">Oktobar 2014.<\/a><\/td>\n<\/tr>\n<tr>\n<td><img decoding=\"async\" src=\"\/srbatomm\/wp-content\/uploads\/2019\/09\/pdf.png\" width=\"32px\"><\/td>\n<td><a href=\"\/wp-content\/uploads\/2019\/10\/doza-septembar-2014.pdf\" target=\"_blank\" rel=\"noopener noreferrer\">Septembar 2014.<\/a><\/td>\n<\/tr>\n<tr>\n<td><img decoding=\"async\" src=\"\/srbatomm\/wp-content\/uploads\/2019\/09\/pdf.png\" width=\"32px\"><\/td>\n<td><a href=\"\/wp-content\/uploads\/2019\/10\/doza-avgust-2014.pdf\" target=\"_blank\" rel=\"noopener noreferrer\">Avgust 2014.<\/a><\/td>\n<\/tr>\n<tr>\n<td><img decoding=\"async\" src=\"\/srbatomm\/wp-content\/uploads\/2019\/09\/pdf.png\" width=\"32px\"><\/td>\n<td>Jul 2014.<\/td>\n<\/tr>\n<tr>\n<td><img decoding=\"async\" src=\"\/srbatomm\/wp-content\/uploads\/2019\/09\/pdf.png\" width=\"32px\"><\/td>\n<td><a href=\"\/wp-content\/uploads\/2019\/10\/doza-jun-2014.pdf\" target=\"_blank\" rel=\"noopener noreferrer\">Jun 2014.<\/a><\/td>\n<\/tr>\n<tr>\n<td><img decoding=\"async\" src=\"\/srbatomm\/wp-content\/uploads\/2019\/09\/pdf.png\" width=\"32px\"><\/td>\n<td><a href=\"\/wp-content\/uploads\/2019\/10\/doza-maj-2014.pdf\" target=\"_blank\" rel=\"noopener noreferrer\">Maj 2014.<\/a><\/td>\n<\/tr>\n<tr>\n<td><img decoding=\"async\" src=\"\/srbatomm\/wp-content\/uploads\/2019\/09\/pdf.png\" width=\"32px\"><\/td>\n<td><a href=\"\/wp-content\/uploads\/2019\/10\/doza-april-2014.pdf\" target=\"_blank\" rel=\"noopener noreferrer\">April 2014.<\/a><\/td>\n<\/tr>\n<tr>\n<td><img decoding=\"async\" src=\"\/srbatomm\/wp-content\/uploads\/2019\/09\/pdf.png\" width=\"32px\"><\/td>\n<td><a href=\"\/wp-content\/uploads\/2019\/10\/doza-mart-2014.pdf\" target=\"_blank\" rel=\"noopener noreferrer\">Mart 2014.<\/a><\/td>\n<\/tr>\n<tr>\n<td><img decoding=\"async\" src=\"\/srbatomm\/wp-content\/uploads\/2019\/09\/pdf.png\" width=\"32px\"><\/td>\n<td><a href=\"\/wp-content\/uploads\/2019\/10\/doza-februar-2014.pdf\" target=\"_blank\" rel=\"noopener noreferrer\">Februar 2014.<\/a><\/td>\n<\/tr>\n<tr>\n<td><img decoding=\"async\" src=\"\/srbatomm\/wp-content\/uploads\/2019\/09\/pdf.png\" width=\"32px\"><\/td>\n<td><a href=\"\/wp-content\/uploads\/2019\/10\/doza-januar-2014.pdf\" target=\"_blank\" rel=\"noopener noreferrer\">Januar 2014.<\/a><\/td>\n<\/tr>\n<\/tbody>\n<\/table>\n<p>&nbsp;[\/et_pb_text][\/et_pb_column_inner][\/et_pb_row_inner][\/et_pb_column][et_pb_column type=&#8220;1_4&#8243; _builder_version=&#8220;4.16&#8243; custom_padding=&#8220;|||&#8220; global_colors_info=&#8220;{}&#8220; custom_padding__hover=&#8220;|||&#8220;][et_pb_sidebar area=&#8220;sidebar-1&#8243; _builder_version=&#8220;4.16&#8243; custom_margin=&#8220;20px||||false|false&#8220; global_colors_info=&#8220;{}&#8220;][\/et_pb_sidebar][\/et_pb_column][\/et_pb_section]<\/p>\n","protected":false},"excerpt":{"rendered":"<p>Monitoring radioaktivnostiMONITORING RADIOAKTIVNOSTI U \u017dIVOTNOJ SREDINI U nuklearnim probama tokom XX veka i u nuklearnim akcidentima, pre svega u \u010cernobilju 1986. godine i u Fuku\u0161imi 2011. godine, u atmosferu je ispu\u0161tena velika koli\u010dina ve\u0161ta\u010dkih radionuklida \u0161to je uzrokovalo kontaminaciju \u017eivotne sredine \u0161irokih razmera. U \u017eivotnoj sredini Srbije mogu\u0107e je detektovati proizvedene radionuklide koji su posledica [&hellip;]<\/p>\n","protected":false},"author":2,"featured_media":0,"parent":0,"menu_order":0,"comment_status":"closed","ping_status":"closed","template":"","meta":{"_et_pb_use_builder":"on","_et_pb_old_content":"","_et_gb_content_width":"","ngg_post_thumbnail":0,"footnotes":""},"class_list":["post-2201","page","type-page","status-publish","hentry"],"_links":{"self":[{"href":"https:\/\/www.srbatom.gov.rs\/srbatomm\/wp-json\/wp\/v2\/pages\/2201","targetHints":{"allow":["GET"]}}],"collection":[{"href":"https:\/\/www.srbatom.gov.rs\/srbatomm\/wp-json\/wp\/v2\/pages"}],"about":[{"href":"https:\/\/www.srbatom.gov.rs\/srbatomm\/wp-json\/wp\/v2\/types\/page"}],"author":[{"embeddable":true,"href":"https:\/\/www.srbatom.gov.rs\/srbatomm\/wp-json\/wp\/v2\/users\/2"}],"replies":[{"embeddable":true,"href":"https:\/\/www.srbatom.gov.rs\/srbatomm\/wp-json\/wp\/v2\/comments?post=2201"}],"version-history":[{"count":19,"href":"https:\/\/www.srbatom.gov.rs\/srbatomm\/wp-json\/wp\/v2\/pages\/2201\/revisions"}],"predecessor-version":[{"id":23429,"href":"https:\/\/www.srbatom.gov.rs\/srbatomm\/wp-json\/wp\/v2\/pages\/2201\/revisions\/23429"}],"wp:attachment":[{"href":"https:\/\/www.srbatom.gov.rs\/srbatomm\/wp-json\/wp\/v2\/media?parent=2201"}],"curies":[{"name":"wp","href":"https:\/\/api.w.org\/{rel}","templated":true}]}}