{"id":2192,"date":"2019-10-03T06:43:38","date_gmt":"2019-10-03T06:43:38","guid":{"rendered":"http:\/\/www.srbatom.gov.rs\/srbatomm\/izvestaji-o-radu-direktorata\/"},"modified":"2019-11-20T09:39:04","modified_gmt":"2019-11-20T09:39:04","slug":"izvestaji-o-radu-direktorata","status":"publish","type":"page","link":"https:\/\/www.srbatom.gov.rs\/srbatomm\/izvestaji-o-radu-direktorata\/?lang=bs","title":{"rendered":"Izve\u0161taji o radu Direktorata"},"content":{"rendered":"[et_pb_section fb_built=&#8220;1&#8243; _builder_version=&#8220;3.29.3&#8243; background_image=&#8220;https:\/\/www.srbatom.gov.rs\/srbatomm\/wp-content\/uploads\/2019\/10\/reports-header-1.jpg&#8220; custom_padding=&#8220;150px||0px||false|false&#8220;][et_pb_row column_structure=&#8220;1_2,1_2&#8243; use_custom_gutter=&#8220;on&#8220; gutter_width=&#8220;1&#8243; _builder_version=&#8220;3.29.3&#8243; width=&#8220;100%&#8220; max_width=&#8220;2560px&#8220; custom_padding=&#8220;0px||0px||true|false&#8220;][et_pb_column type=&#8220;1_2&#8243; _builder_version=&#8220;3.29.3&#8243; background_color=&#8220;rgba(0,132,180,0.9)&#8220; custom_padding=&#8220;50px|75px|50px|75px|true|true&#8220; custom_padding_tablet=&#8220;|50px||50px|true|true&#8220; custom_padding_phone=&#8220;&#8220; custom_padding_last_edited=&#8220;on|phone&#8220; border_radii=&#8220;off||50px||&#8220;][et_pb_text _builder_version=&#8220;3.29.3&#8243; text_line_height=&#8220;1.5em&#8220; header_font_size=&#8220;32px&#8220; background_layout=&#8220;dark&#8220; link_option_url=&#8220;https:\/\/www.srbatom.gov.rs\/srbatomm\/monitoring-radioaktivnosti\/?lang=bs&#8220; text_font_size_tablet=&#8220;16px&#8220; text_font_size_phone=&#8220;15px&#8220; text_font_size_last_edited=&#8220;on|phone&#8220; header_font_size_tablet=&#8220;30px&#8220; header_font_size_phone=&#8220;28px&#8220; header_font_size_last_edited=&#8220;on|phone&#8220;]<h1>Izve\u0161taji o radu Direktorata<\/h1>\r\nGodi\u0161nji i finansijski izve\u0161taji[\/et_pb_text][\/et_pb_column][et_pb_column type=&#8220;1_2&#8243; _builder_version=&#8220;3.29.3&#8243;][\/et_pb_column][\/et_pb_row][\/et_pb_section][et_pb_section fb_built=&#8220;1&#8243; specialty=&#8220;on&#8220; module_class=&#8220;top-home&#8220; _builder_version=&#8220;3.29.3&#8243; background_color=&#8220;#ffffff&#8220; custom_padding=&#8220;0px||0px||true|false&#8220;][et_pb_column type=&#8220;3_4&#8243; specialty_columns=&#8220;3&#8243; _builder_version=&#8220;3.25&#8243; custom_padding=&#8220;|||&#8220; custom_padding__hover=&#8220;|||&#8220;][et_pb_row_inner admin_label=&#8220;row&#8220; _builder_version=&#8220;3.29.3&#8243; custom_padding=&#8220;50px||50px||false|false&#8220; locked=&#8220;off&#8220;][et_pb_column_inner saved_specialty_column_type=&#8220;3_4&#8243; _builder_version=&#8220;3.29.3&#8243;][et_pb_text _builder_version=&#8220;3.29.3&#8243; custom_margin=&#8220;||0px||false|false&#8220;]<h4>Godi\u0161nji izve\u0161taji o radu<\/h4>[\/et_pb_text][et_pb_text admin_label=&#8220;Text&#8220; _builder_version=&#8220;4.0.3&#8243; background_size=&#8220;initial&#8220; background_position=&#8220;top_left&#8220; background_repeat=&#8220;repeat&#8220; hover_enabled=&#8220;0&#8243;]<p><\/p>\n<table class=\"wp-block-table\" style=\"width: 90%;\">\n<tbody>\n<tr>\n<td><b>\u041d\u0430\u0437\u0438\u0432 \u0438\u0437\u0432\u0435\u0448\u0442\u0430\u0458\u0430<\/b><\/td>\n<td><b>\u0417\u0430 \u0433\u043e\u0434\u0438\u043d\u0443<\/b><\/td>\n<\/tr>\n<tr>\n<td><a href=\"https:\/\/www.srbatom.gov.rs\/srbatomm\/wp-content\/uploads\/2019\/10\/God-izvestaj-2018.-Direktorat-1.pdf\" target=\"_blank\" rel=\"noopener noreferrer\" aria-label=\"\u0413\u043e\u0434\u0438\u0448\u045a\u0438 \u0438\u0437\u0432\u0435\u0448\u0442\u0430\u0458 \u043e \u0440\u0430\u0434\u0443 \u0414\u0438\u0440\u0435\u043a\u0442\u043e\u0440\u0430\u0442\u0430 (opens in a new tab)\">\u0413\u043e\u0434\u0438\u0448\u045a\u0438 \u0438\u0437\u0432\u0435\u0448\u0442\u0430\u0458 \u043e \u0440\u0430\u0434\u0443 \u0414\u0438\u0440\u0435\u043a\u0442\u043e\u0440\u0430\u0442\u0430<\/a><\/td>\n<td>2018.<\/td>\n<\/tr>\n<tr>\n<td><a href=\"https:\/\/www.srbatom.gov.rs\/srbatomm\/wp-content\/uploads\/2019\/10\/God.-izvestaj-AJZ-2017-1.pdf\" target=\"_blank\" rel=\"noopener noreferrer\">\u0413\u043e\u0434\u0438\u0448\u045a\u0438 \u0438\u0437\u0432\u0435\u0448\u0442\u0430\u0458 \u043e \u0440\u0430\u0434\u0443 \u0410\u0433\u0435\u043d\u0446\u0438\u0458\u0435<\/a><\/td>\n<td>2017.<\/td>\n<\/tr>\n<tr>\n<td><a href=\"https:\/\/www.srbatom.gov.rs\/srbatomm\/wp-content\/uploads\/2019\/10\/God.-izvestaj-AJZ-2016-1.pdf\" target=\"_blank\" rel=\"noopener noreferrer\" aria-label=\"\u0413\u043e\u0434\u0438\u0448\u045a\u0438 \u0438\u0437\u0432\u0435\u0448\u0442\u0430\u0458 \u043e \u0440\u0430\u0434\u0443 \u0410\u0433\u0435\u043d\u0446\u0438\u0458\u0435 (opens in a new tab)\">\u0413\u043e\u0434\u0438\u0448\u045a\u0438 \u0438\u0437\u0432\u0435\u0448\u0442\u0430\u0458 \u043e \u0440\u0430\u0434\u0443 \u0410\u0433\u0435\u043d\u0446\u0438\u0458\u0435<\/a><\/td>\n<td>2016.<\/td>\n<\/tr>\n<tr>\n<td><a href=\"https:\/\/www.srbatom.gov.rs\/srbatomm\/wp-content\/uploads\/2019\/10\/God-izvestaj-za-2015-1.pdf\" target=\"_blank\" rel=\"noopener noreferrer\">\u0413\u043e\u0434\u0438\u0448\u045a\u0438 \u0438\u0437\u0432\u0435\u0448\u0442\u0430\u0458 \u043e \u0440\u0430\u0434\u0443 \u0410\u0433\u0435\u043d\u0446\u0438\u0458\u0435<\/a><\/td>\n<td>2015.<\/td>\n<\/tr>\n<tr>\n<td><a href=\"https:\/\/www.srbatom.gov.rs\/srbatomm\/wp-content\/uploads\/2019\/10\/God-izvestaj-AJZ-2014-1.pdf\" target=\"_blank\" rel=\"noopener noreferrer\">\u0413\u043e\u0434\u0438\u0448\u045a\u0438 \u0438\u0437\u0432\u0435\u0448\u0442\u0430\u0458 \u043e \u0440\u0430\u0434\u0443 \u0410\u0433\u0435\u043d\u0446\u0438\u0458\u0435<\/a><\/td>\n<td>2014.<\/td>\n<\/tr>\n<tr>\n<td><a href=\"https:\/\/www.srbatom.gov.rs\/srbatomm\/wp-content\/uploads\/2019\/10\/god-izvestaj-AJZ-2013-februar-2014-1.pdf\" target=\"_blank\" rel=\"noopener noreferrer\" aria-label=\"\u0413\u043e\u0434\u0438\u0448\u045a\u0438 \u0438\u0437\u0432\u0435\u0448\u0442\u0430\u0458 \u043e \u0440\u0430\u0434\u0443 \u0410\u0433\u0435\u043d\u0446\u0438\u0458\u0435 (opens in a new tab)\">\u0413\u043e\u0434\u0438\u0448\u045a\u0438 \u0438\u0437\u0432\u0435\u0448\u0442\u0430\u0458 \u043e \u0440\u0430\u0434\u0443 \u0410\u0433\u0435\u043d\u0446\u0438\u0458\u0435<\/a><\/td>\n<td>2013.<\/td>\n<\/tr>\n<tr>\n<td><a href=\"https:\/\/www.srbatom.gov.rs\/srbatomm\/wp-content\/uploads\/2019\/10\/god-izvestaj-O-radu-2012-1-1.pdf\" target=\"_blank\" rel=\"noopener noreferrer\" aria-label=\"\u0413\u043e\u0434\u0438\u0448\u045a\u0438 \u0438\u0437\u0432\u0435\u0448\u0442\u0430\u0458 \u043e \u0440\u0430\u0434\u0443 \u0410\u0433\u0435\u043d\u0446\u0438\u0458\u0435 (opens in a new tab)\">\u0413\u043e\u0434\u0438\u0448\u045a\u0438 \u0438\u0437\u0432\u0435\u0448\u0442\u0430\u0458 \u043e \u0440\u0430\u0434\u0443 \u0410\u0433\u0435\u043d\u0446\u0438\u0458\u0435<\/a><\/td>\n<td>2012.<\/td>\n<\/tr>\n<tr>\n<td><a href=\"https:\/\/www.srbatom.gov.rs\/srbatomm\/wp-content\/uploads\/2019\/10\/god-izvestaj-AJZ-2011-1.pdf\" target=\"_blank\" rel=\"noopener noreferrer\" aria-label=\"\u0413\u043e\u0434\u0438\u0448\u045a\u0438 \u0438\u0437\u0432\u0435\u0448\u0442\u0430\u0458 \u043e \u0440\u0430\u0434\u0443 \u0410\u0433\u0435\u043d\u0446\u0438\u0458\u0435 (opens in a new tab)\">\u0413\u043e\u0434\u0438\u0448\u045a\u0438 \u0438\u0437\u0432\u0435\u0448\u0442\u0430\u0458 \u043e \u0440\u0430\u0434\u0443 \u0410\u0433\u0435\u043d\u0446\u0438\u0458\u0435<\/a><\/td>\n<td>2011.<\/td>\n<\/tr>\n<tr>\n<td><a href=\"https:\/\/www.srbatom.gov.rs\/srbatomm\/wp-content\/uploads\/2019\/10\/God.izv_.o-radu-za-2010-1.pdf\" target=\"_blank\" rel=\"noopener noreferrer\" aria-label=\"\u0413\u043e\u0434\u0438\u0448\u045a\u0438 \u0438\u0437\u0432\u0435\u0448\u0442\u0430\u0458 \u043e \u0440\u0430\u0434\u0443 \u0410\u0433\u0435\u043d\u0446\u0438\u0458\u0435 (opens in a new tab)\">\u0413\u043e\u0434\u0438\u0448\u045a\u0438 \u0438\u0437\u0432\u0435\u0448\u0442\u0430\u0458 \u043e \u0440\u0430\u0434\u0443 \u0410\u0433\u0435\u043d\u0446\u0438\u0458\u0435<\/a><\/td>\n<td>2010.<\/td>\n<\/tr>\n<\/tbody>\n<\/table>\n<p><\/p>\n[\/et_pb_text][et_pb_text _builder_version=&#8220;3.29.3&#8243; custom_margin=&#8220;30px||0px||false|false&#8220;]<h4>Finansijski izve\u0161taji<\/h4>[\/et_pb_text][et_pb_text admin_label=&#8220;Text&#8220; _builder_version=&#8220;4.0.3&#8243; background_size=&#8220;initial&#8220; background_position=&#8220;top_left&#8220; background_repeat=&#8220;repeat&#8220; hover_enabled=&#8220;0&#8243;]<p><\/p>\n<table class=\"wp-block-table\" style=\"width: 70%;\">\n<tbody>\n<tr>\n<td><b>\u041d\u0430\u0437\u0438\u0432 \u0438\u0437\u0432\u0435\u0448\u0442\u0430\u0458\u0430<\/b><\/td>\n<td><b>\u0417\u0430 \u0433\u043e\u0434\u0438\u043d\u0443<\/b><\/td>\n<\/tr>\n<tr>\n<td><a href=\"https:\/\/www.srbatom.gov.rs\/srbatomm\/wp-content\/uploads\/2019\/10\/Finansijski-izvestaj-za-2018-1.pdf\" target=\"_blank\" rel=\"noopener noreferrer\" aria-label=\"\u0424\u0438\u043d\u0430\u043d\u0441\u0438\u0458\u0441\u043a\u0438 \u0438\u0437\u0432\u0435\u0448\u0442\u0430\u0458 (opens in a new tab)\">\u0424\u0438\u043d\u0430\u043d\u0441\u0438\u0458\u0441\u043a\u0438 \u0438\u0437\u0432\u0435\u0448\u0442\u0430\u0458<\/a><\/td>\n<td>2018.<\/td>\n<\/tr>\n<tr>\n<td><a href=\"https:\/\/www.srbatom.gov.rs\/srbatomm\/wp-content\/uploads\/2019\/10\/Finan.-izvestaj-AJZ-2017-1.pdf\" target=\"_blank\" rel=\"noopener noreferrer\" aria-label=\"\u0424\u0438\u043d\u0430\u043d\u0441\u0438\u0458\u0441\u043a\u0438 \u0438\u0437\u0432\u0435\u0448\u0442\u0430\u0458 (opens in a new tab)\">\u0424\u0438\u043d\u0430\u043d\u0441\u0438\u0458\u0441\u043a\u0438 \u0438\u0437\u0432\u0435\u0448\u0442\u0430\u0458<\/a><\/td>\n<td>2017.<\/td>\n<\/tr>\n<tr>\n<td><a href=\"https:\/\/www.srbatom.gov.rs\/srbatomm\/wp-content\/uploads\/2019\/10\/Finan.-izvestaj-AJZ-2016-1.pdf\" target=\"_blank\" rel=\"noopener noreferrer\" aria-label=\"\u0424\u0438\u043d\u0430\u043d\u0441\u0438\u0458\u0441\u043a\u0438 \u0438\u0437\u0432\u0435\u0448\u0442\u0430\u0458 (opens in a new tab)\">\u0424\u0438\u043d\u0430\u043d\u0441\u0438\u0458\u0441\u043a\u0438 \u0438\u0437\u0432\u0435\u0448\u0442\u0430\u0458<\/a><\/td>\n<td>2016.<\/td>\n<\/tr>\n<tr>\n<td><a href=\"https:\/\/www.srbatom.gov.rs\/srbatomm\/wp-content\/uploads\/2019\/10\/Finansijski-izvestaj-za-2015-1.pdf\" target=\"_blank\" rel=\"noopener noreferrer\">\u0424\u0438\u043d\u0430\u043d\u0441\u0438\u0458\u0441\u043a\u0438 \u0438\u0437\u0432\u0435\u0448\u0442\u0430\u0458<\/a><\/td>\n<td>2015.<\/td>\n<\/tr>\n<tr>\n<td><a href=\"https:\/\/www.srbatom.gov.rs\/srbatomm\/wp-content\/uploads\/2019\/10\/Finansijski-izvestaj-za-2014.-1.pdf\" target=\"_blank\" rel=\"noopener noreferrer\" aria-label=\"\u0424\u0438\u043d\u0430\u043d\u0441\u0438\u0458\u0441\u043a\u0438 \u0438\u0437\u0432\u0435\u0448\u0442\u0430\u0458 (opens in a new tab)\">\u0424\u0438\u043d\u0430\u043d\u0441\u0438\u0458\u0441\u043a\u0438 \u0438\u0437\u0432\u0435\u0448\u0442\u0430\u0458<\/a><\/td>\n<td>2014.<\/td>\n<\/tr>\n<tr>\n<td><a href=\"https:\/\/www.srbatom.gov.rs\/srbatomm\/wp-content\/uploads\/2019\/10\/Finansijski-izvestaj-za-2013-1.pdf\" target=\"_blank\" rel=\"noopener noreferrer\">\u0424\u0438\u043d\u0430\u043d\u0441\u0438\u0458\u0441\u043a\u0438 \u0438\u0437\u0432\u0435\u0448\u0442\u0430\u0458<\/a><\/td>\n<td>2013.<\/td>\n<\/tr>\n<tr>\n<td><a href=\"https:\/\/www.srbatom.gov.rs\/srbatomm\/wp-content\/uploads\/2019\/10\/Finansijski-izvestaj-za-2012-1.pdf\" target=\"_blank\" rel=\"noopener noreferrer\" aria-label=\"\u0424\u0438\u043d\u0430\u043d\u0441\u0438\u0458\u0441\u043a\u0438 \u0438\u0437\u0432\u0435\u0448\u0442\u0430\u0458 (opens in a new tab)\">\u0424\u0438\u043d\u0430\u043d\u0441\u0438\u0458\u0441\u043a\u0438 \u0438\u0437\u0432\u0435\u0448\u0442\u0430\u0458<\/a><\/td>\n<td>2012.<\/td>\n<\/tr>\n<tr>\n<td><a href=\"https:\/\/www.srbatom.gov.rs\/srbatomm\/wp-content\/uploads\/2019\/10\/Finansijski-izvestaj-za-2011-dopuna-1.pdf\" target=\"_blank\" rel=\"noopener noreferrer\" aria-label=\"\u0424\u0438\u043d\u0430\u043d\u0441\u0438\u0458\u0441\u043a\u0438 \u0438\u0437\u0432\u0435\u0448\u0442\u0430\u0458 (opens in a new tab)\">\u0424\u0438\u043d\u0430\u043d\u0441\u0438\u0458\u0441\u043a\u0438 \u0438\u0437\u0432\u0435\u0448\u0442\u0430\u0458<\/a><\/td>\n<td>2011.<\/td>\n<\/tr>\n<tr>\n<td><a href=\"https:\/\/www.srbatom.gov.rs\/srbatomm\/wp-content\/uploads\/2019\/10\/2.Finansijski-izvestaj-za-2010-1.pdf\" target=\"_blank\" rel=\"noopener noreferrer\">\u0424\u0438\u043d\u0430\u043d\u0441\u0438\u0458\u0441\u043a\u0438 \u0438\u0437\u0432\u0435\u0448\u0442\u0430\u0458<\/a><\/td>\n<td>2010.<\/td>\n<\/tr>\n<\/tbody>\n<\/table>\n<p><\/p>\n[\/et_pb_text][\/et_pb_column_inner][\/et_pb_row_inner][\/et_pb_column][et_pb_column type=&#8220;1_4&#8243; _builder_version=&#8220;3.25&#8243; custom_padding=&#8220;|||&#8220; custom_padding__hover=&#8220;|||&#8220;][et_pb_sidebar area=&#8220;sidebar-1&#8243; _builder_version=&#8220;3.29.3&#8243; custom_margin=&#8220;20px||||false|false&#8220;][\/et_pb_sidebar][\/et_pb_column][\/et_pb_section]","protected":false},"excerpt":{"rendered":"<p>Izve\u0161taji o radu Direktorata Godi\u0161nji i finansijski izve\u0161tajiGodi\u0161nji izve\u0161taji o radu \u041d\u0430\u0437\u0438\u0432 \u0438\u0437\u0432\u0435\u0448\u0442\u0430\u0458\u0430 \u0417\u0430 \u0433\u043e\u0434\u0438\u043d\u0443 \u0413\u043e\u0434\u0438\u0448\u045a\u0438 \u0438\u0437\u0432\u0435\u0448\u0442\u0430\u0458 \u043e \u0440\u0430\u0434\u0443 \u0414\u0438\u0440\u0435\u043a\u0442\u043e\u0440\u0430\u0442\u0430 2018. \u0413\u043e\u0434\u0438\u0448\u045a\u0438 \u0438\u0437\u0432\u0435\u0448\u0442\u0430\u0458 \u043e \u0440\u0430\u0434\u0443 \u0410\u0433\u0435\u043d\u0446\u0438\u0458\u0435 2017. \u0413\u043e\u0434\u0438\u0448\u045a\u0438 \u0438\u0437\u0432\u0435\u0448\u0442\u0430\u0458 \u043e \u0440\u0430\u0434\u0443 \u0410\u0433\u0435\u043d\u0446\u0438\u0458\u0435 2016. \u0413\u043e\u0434\u0438\u0448\u045a\u0438 \u0438\u0437\u0432\u0435\u0448\u0442\u0430\u0458 \u043e \u0440\u0430\u0434\u0443 \u0410\u0433\u0435\u043d\u0446\u0438\u0458\u0435 2015. \u0413\u043e\u0434\u0438\u0448\u045a\u0438 \u0438\u0437\u0432\u0435\u0448\u0442\u0430\u0458 \u043e \u0440\u0430\u0434\u0443 \u0410\u0433\u0435\u043d\u0446\u0438\u0458\u0435 2014. \u0413\u043e\u0434\u0438\u0448\u045a\u0438 \u0438\u0437\u0432\u0435\u0448\u0442\u0430\u0458 \u043e \u0440\u0430\u0434\u0443 \u0410\u0433\u0435\u043d\u0446\u0438\u0458\u0435 2013. \u0413\u043e\u0434\u0438\u0448\u045a\u0438 \u0438\u0437\u0432\u0435\u0448\u0442\u0430\u0458 \u043e \u0440\u0430\u0434\u0443 [&hellip;]<\/p>\n","protected":false},"author":2,"featured_media":0,"parent":0,"menu_order":0,"comment_status":"closed","ping_status":"closed","template":"","meta":{"_et_pb_use_builder":"on","_et_pb_old_content":"","_et_gb_content_width":"","ngg_post_thumbnail":0,"footnotes":""},"class_list":["post-2192","page","type-page","status-publish","hentry"],"_links":{"self":[{"href":"https:\/\/www.srbatom.gov.rs\/srbatomm\/wp-json\/wp\/v2\/pages\/2192","targetHints":{"allow":["GET"]}}],"collection":[{"href":"https:\/\/www.srbatom.gov.rs\/srbatomm\/wp-json\/wp\/v2\/pages"}],"about":[{"href":"https:\/\/www.srbatom.gov.rs\/srbatomm\/wp-json\/wp\/v2\/types\/page"}],"author":[{"embeddable":true,"href":"https:\/\/www.srbatom.gov.rs\/srbatomm\/wp-json\/wp\/v2\/users\/2"}],"replies":[{"embeddable":true,"href":"https:\/\/www.srbatom.gov.rs\/srbatomm\/wp-json\/wp\/v2\/comments?post=2192"}],"version-history":[{"count":1,"href":"https:\/\/www.srbatom.gov.rs\/srbatomm\/wp-json\/wp\/v2\/pages\/2192\/revisions"}],"predecessor-version":[{"id":4286,"href":"https:\/\/www.srbatom.gov.rs\/srbatomm\/wp-json\/wp\/v2\/pages\/2192\/revisions\/4286"}],"wp:attachment":[{"href":"https:\/\/www.srbatom.gov.rs\/srbatomm\/wp-json\/wp\/v2\/media?parent=2192"}],"curies":[{"name":"wp","href":"https:\/\/api.w.org\/{rel}","templated":true}]}}