{"id":13483,"date":"2022-03-15T20:19:07","date_gmt":"2022-03-15T20:19:07","guid":{"rendered":"https:\/\/www.srbatom.gov.rs\/srbatomm\/nadleznost\/"},"modified":"2022-03-17T21:28:25","modified_gmt":"2022-03-17T21:28:25","slug":"nadleznost","status":"publish","type":"page","link":"https:\/\/www.srbatom.gov.rs\/srbatomm\/nadleznost\/?lang=bs","title":{"rendered":"Nadle\u017enost"},"content":{"rendered":"<p>[et_pb_section fb_built=&#8220;1&#8243; _builder_version=&#8220;4.14.7&#8243; _module_preset=&#8220;default&#8220; max_width=&#8220;100%&#8220; max_width_tablet=&#8220;90%&#8220; max_width_phone=&#8220;90%&#8220; max_width_last_edited=&#8220;on|tablet&#8220; saved_tabs=&#8220;all&#8220; global_colors_info=&#8220;{}&#8220;][et_pb_row _builder_version=&#8220;4.14.7&#8243; _module_preset=&#8220;default&#8220; global_colors_info=&#8220;{}&#8220;][et_pb_column type=&#8220;4_4&#8243; _builder_version=&#8220;4.14.7&#8243; _module_preset=&#8220;default&#8220; global_colors_info=&#8220;{}&#8220;][et_pb_text content_tablet=&#8220;@ET-DC@eyJkeW5hbWljIjp0cnVlLCJjb250ZW50IjoicG9zdF90aXRsZSIsInNldHRpbmdzIjp7ImJlZm9yZSI6IiIsImFmdGVyIjoiIn19@&#8220; content_phone=&#8220;@ET-DC@eyJkeW5hbWljIjp0cnVlLCJjb250ZW50IjoicG9zdF90aXRsZSIsInNldHRpbmdzIjp7ImJlZm9yZSI6IiIsImFmdGVyIjoiIn19@&#8220; content_last_edited=&#8220;on|phone&#8220; _builder_version=&#8220;4.14.7&#8243; _dynamic_attributes=&#8220;content,content_tablet,content_phone&#8220; _module_preset=&#8220;default&#8220; text_font=&#8220;|600|||||||&#8220; text_text_color=&#8220;#016286&#8243; text_font_size=&#8220;30px&#8220; text_orientation=&#8220;center&#8220; global_colors_info=&#8220;{}&#8220;]@ET-DC@eyJkeW5hbWljIjp0cnVlLCJjb250ZW50IjoicG9zdF90aXRsZSIsInNldHRpbmdzIjp7ImJlZm9yZSI6IiIsImFmdGVyIjoiIn19@[\/et_pb_text][\/et_pb_column][\/et_pb_row][et_pb_row _builder_version=&#8220;4.14.7&#8243; _module_preset=&#8220;default&#8220; global_colors_info=&#8220;{}&#8220;][et_pb_column type=&#8220;4_4&#8243; _builder_version=&#8220;4.14.7&#8243; _module_preset=&#8220;default&#8220; global_colors_info=&#8220;{}&#8220;][et_pb_text _builder_version=&#8220;4.14.7&#8243; _module_preset=&#8220;default&#8220; text_font_size=&#8220;19px&#8220; hover_enabled=&#8220;0&#8243; global_colors_info=&#8220;{}&#8220; sticky_enabled=&#8220;0&#8243;]<\/p>\n<p><strong>Radi obezbe\u0111ivanja uslova za stru\u010dno i efikasno vr\u0161enje regulatorne kontrole delatnosti ure\u0111enih ovim zakonom, osniva se Direktorat za radijacionu i nuklearnu sigurnost i bezbednost Srbije, kao samostalno i funkcionalno nezavisno regulatorno telo koje vr\u0161i regulatorne, stru\u010dne i sa njim povezane izvr\u0161ne poslove u oblasti radijacione i nuklearne sigurnosti i bezbednosti, u skladu sa zakonom.<\/strong><\/p>\n<p>[\/et_pb_text][\/et_pb_column][\/et_pb_row][et_pb_row _builder_version=&#8220;4.14.7&#8243; _module_preset=&#8220;default&#8220; global_colors_info=&#8220;{}&#8220;][et_pb_column type=&#8220;4_4&#8243; _builder_version=&#8220;4.14.7&#8243; _module_preset=&#8220;default&#8220; global_colors_info=&#8220;{}&#8220;][et_pb_text module_class=&#8220;bullet_list_spacing&#8220; _builder_version=&#8220;4.14.7&#8243; _module_preset=&#8220;default&#8220; text_font_size=&#8220;18px&#8220; hover_enabled=&#8220;0&#8243; global_colors_info=&#8220;{}&#8220; sticky_enabled=&#8220;0&#8243;]<\/p>\n<ul>\n<li>priprema nacrte strategija i akcione planove za njihovo sprovo\u0111enje iz \u010dl. 6. i 8. ovog zakona;<\/li>\n<li>priprema predloge propisa koje donosi Vlada u skladu sa ovim zakonom;<\/li>\n<li>donosi pravilnike i druge propise i uputstva u skladu sa ovim zakonom;<\/li>\n<li>donosi Program monitoringa radioaktivnosti u \u017eivotnoj sredini, prati nivo radioaktivnosti, njegove promene, procenjuje njegov uticaj na stanovni\u0161tvo i \u017eivotnu sredinu, daje uputstva o primeni odgovaraju\u0107ih mera, prati njihovo sprovo\u0111enje i objavljuje godi\u0161nji izve\u0161taj o nivou izlaganja stanovni\u0161tva jonizuju\u0107em zra\u010denju u Republici Srbiji;<\/li>\n<li>priprema predlog Plana delovanja u slu\u010daju nuklearne ili radiolo\u0161ke vanredne situacije;<\/li>\n<li>propisuje mere za za\u0161titu pojedinaca, stanovni\u0161tva i \u017eivotne sredine od \u0161tetnog uticaja jonizuju\u0107eg zra\u010denja;<\/li>\n<li>propisuje uslove za za\u0161titu od pove\u0107anog izlaganja radnika, pojedinaca i stanovni\u0161tva zra\u010denju od prirodnih radioaktivnih materijala;<\/li>\n<li>donosi re\u0161enja o izdavanju, suspenziji ili oduzimanju odobrenja za obavljanje delatnosti, odobrenja za kori\u0161\u0107enje izvora zra\u010denja, ovla\u0161\u0107enja za vr\u0161enje poslova za\u0161tite od jonizuju\u0107eg zra\u010denja, dozvole za promet izvora zra\u010denja i dozvole za transport opasne robe klase 7 ADR\/RID\/ADN (radioaktivne materije), kao i o izuzimanju od obaveze pribavljanja odobrenja u skladu sa ovim zakonom;<\/li>\n<li>izdaje, suspenduje ili oduzima sertifikate u skladu sa ovim zakonom;<\/li>\n<li>izdaje potvrde o upisu u evidenciju i brisanju iz evidencije izvora zra\u010denja;<\/li>\n<li>propisuje kriterijume za izuzimanje od obaveze prijavljivanja;<\/li>\n<li>propisuje kriterijume za osloba\u0111anje od regulatorne kontrole;<\/li>\n<li>vr\u0161i verifikaciju osposobljenosti lica odgovornih za sprovo\u0111enje mera za\u0161tite od zra\u010denja;<\/li>\n<li>defini\u0161e obaveze, uklju\u010duju\u0107i i finansijske, nosilaca odobrenja;<\/li>\n<li>obezbe\u0111uje stalnu stru\u010dnu saradnju u vr\u0161enju svojih funkcija kroz anga\u017eovanje savetnika, izradu projekata ili uspostavljanje trajnih ili povremenih savetodavnih tela;<\/li>\n<li>uspostavlja i vodi registar podnetih zahteva, izdatih odobrenja i sertifikata i lica odgovornih za sprovo\u0111enje mera za\u0161tite od zra\u010denja, registar izvora zra\u010denja i njihovih korisnika, izlo\u017eenih radnika, spoljnih radnika i drugih podataka od zna\u010daja za za\u0161titu od zra\u010denja, radijacionu i nuklearnu sigurnost;<\/li>\n<li>uspostavlja i vodi evidenciju postrojenja, izvora zra\u010denja i radioaktivnog otpada, kao i drugih podataka od zna\u010daja za radijacionu i nuklearnu sigurnost i bezbednost;<\/li>\n<li>uspostavlja sistem kontrole nad izvorima zra\u010denja i ure\u0111ajima \u010diji su oni sastavni deo kako bi se obezbedilo njihovo sigurno i bezbedno upravljanje i za\u0161tita tokom rada i po prestanku rada;<\/li>\n<li>utvr\u0111uje kategorizaciju izvora zra\u010denja na osnovu njihovog mogu\u0107eg uticaja i \u0161tete po zdravlje ljudi i \u017eivotnu sredinu;<\/li>\n<li>utvr\u0111uje kategorizaciju nuklearnog i radioaktivnog materijala na osnovu procene \u0161tete koja bi mogla da nastane usled njihove kra\u0111e ili neodobrene upotrebe odre\u0111ene vrste i koli\u010dine materijala, ili usled sabota\u017ee postrojenja u kojem se nuklearni ili radioaktivni materijal proizvodi, obra\u0111uje, koristi, skladi\u0161ti ili odla\u017ee i propisuje odgovaraju\u0107e mere za\u0161tite za razli\u010dite kategorije materijala;<\/li>\n<li>propisuje uslove za bezbednost nuklearnog i radioaktivnog materijala i postrojenja u kojima se oni koriste, uklju\u010duju\u0107i i mere za prevenciju, detekciju i odgovor u slu\u010daju neovla\u0161\u0107enog i zlonamernog delovanja koje uklju\u010duje takav materijal ili postrojenja;<\/li>\n<li>u\u010destvuje u definisanju projektnih osnova i vanrednih doga\u0111aja predvi\u0111enih projektnim osnovama za potrebe primene mera radijacione i nuklearne sigurnosti i bezbednosti;<\/li>\n<li>ostvaruje saradnju sa drugim dr\u017eavnim organima i organizacijama u okviru svojih nadle\u017enosti;<\/li>\n<li>samostalno ili u saradnji sa drugim nadle\u017enim dr\u017eavnim organima i organizacijama ostvaruje saradnju sa Me\u0111unarodnom agencijom za atomsku energiju i drugim me\u0111unarodnim organizacijama, telima i nadle\u017enim organima drugih dr\u017eava u vezi sa sprovo\u0111enjem ovog zakona i me\u0111unarodnih obaveza koje je preuzela Republika Srbija;<\/li>\n<li>uspostavlja i primenjuje, u saradnji sa ministarstvima i slu\u017ebama nadle\u017enim za spoljne poslove, odbranu, unutra\u0161nje poslove, ekonomiju i carinu, sistem kontrole za uvoz i izvoz nuklearnog i drugog radioaktivnog materijala, izvora zra\u010denja, opreme, posebne opreme i nenuklearnog materijala, informacija i tehnologije radi ispunjavanja me\u0111unarodnih obaveza Republike Srbije;<\/li>\n<li>sara\u0111uje sa drugim relevantnim institucijama Republike Srbije u uspostavljanju i odr\u017eavanju Plana za delovanje u slu\u010daju nuklearne i radiolo\u0161ke vanredne situacije u skladu sa Nacionalnim planom za\u0161tite i spasavanja u vanrednim situacijama;<\/li>\n<li>daje mi\u0161ljenje na zahtev nadle\u017enih dr\u017eavnih organa u vezi sa pristupanjem me\u0111unarodnim konvencijama i drugim sporazumima u oblasti radijacione i nuklearne sigurnosti i bezbednosti;<\/li>\n<li>uspostavlja odgovaraju\u0107e mehanizme i procedure za informisanje javnosti i konsultacije sa drugim zainteresovanim organima i organizacijama u oblasti radijacione i nuklearne sigurnosti i bezbednosti.<\/li>\n<li>sprovodi sve dodatne obaveze za koje je procenjeno da su neophodne za za\u0161titu stanovni\u0161tva i \u017eivotne sredine u Republici Srbiji;<\/li>\n<li>inicira unapre\u0111enje nacionalnog okvira u oblasti radijacione i nuklearne sigurnosti i bezbednosti, na osnovu operativnog iskustva, uvida dobijenog u procesu odlu\u010divanja i razvoja odgovaraju\u0107e tehnologije i istra\u017eivanja;<\/li>\n<li>vr\u0161i regulatornu kontrolu i regulatorni inspekcijski nadzor nad sprovo\u0111enjem mera radijacione i nuklearne sigurnosti i bezbednosti;<\/li>\n<li>vr\u0161i kontrolu ispunjenosti uslova na osnovu kojih se izdaju odobrenja u skladu sa ovim zakonom;<\/li>\n<li>proverava, prati i ocenjuje delatnosti radi potvrde usagla\u0161enosti sa zakonom, va\u017ee\u0107im propisima i uslovima za dobijanje odobrenja;<\/li>\n<li>preduzima mere, nala\u017ee i prati njihovo sprovo\u0111enje u slu\u010daju nepo\u0161tovanja zakona, podzakonskih i drugih propisa koji se odnose na uslove za dobijanje odobrenja;<\/li>\n<li>uspostavlja i odr\u017eava sistem obra\u010duna i kontrole nuklearnih materijala;<\/li>\n<\/ul>\n<p>obavlja i druge poslove utvr\u0111ene zakonom<\/p>\n<p>[\/et_pb_text][\/et_pb_column][\/et_pb_row][\/et_pb_section]<\/p>\n","protected":false},"excerpt":{"rendered":"<p>Radi obezbe\u0111ivanja uslova za stru\u010dno i efikasno vr\u0161enje regulatorne kontrole delatnosti ure\u0111enih ovim zakonom, osniva se Direktorat za radijacionu i nuklearnu sigurnost i bezbednost Srbije, kao samostalno i funkcionalno nezavisno regulatorno telo koje vr\u0161i regulatorne, stru\u010dne i sa njim povezane izvr\u0161ne poslove u oblasti radijacione i nuklearne sigurnosti i bezbednosti, u skladu sa zakonom. priprema [&hellip;]<\/p>\n","protected":false},"author":2,"featured_media":0,"parent":0,"menu_order":0,"comment_status":"closed","ping_status":"closed","template":"","meta":{"_et_pb_use_builder":"on","_et_pb_old_content":"","_et_gb_content_width":"","ngg_post_thumbnail":0,"footnotes":""},"class_list":["post-13483","page","type-page","status-publish","hentry"],"_links":{"self":[{"href":"https:\/\/www.srbatom.gov.rs\/srbatomm\/wp-json\/wp\/v2\/pages\/13483","targetHints":{"allow":["GET"]}}],"collection":[{"href":"https:\/\/www.srbatom.gov.rs\/srbatomm\/wp-json\/wp\/v2\/pages"}],"about":[{"href":"https:\/\/www.srbatom.gov.rs\/srbatomm\/wp-json\/wp\/v2\/types\/page"}],"author":[{"embeddable":true,"href":"https:\/\/www.srbatom.gov.rs\/srbatomm\/wp-json\/wp\/v2\/users\/2"}],"replies":[{"embeddable":true,"href":"https:\/\/www.srbatom.gov.rs\/srbatomm\/wp-json\/wp\/v2\/comments?post=13483"}],"version-history":[{"count":8,"href":"https:\/\/www.srbatom.gov.rs\/srbatomm\/wp-json\/wp\/v2\/pages\/13483\/revisions"}],"predecessor-version":[{"id":13492,"href":"https:\/\/www.srbatom.gov.rs\/srbatomm\/wp-json\/wp\/v2\/pages\/13483\/revisions\/13492"}],"wp:attachment":[{"href":"https:\/\/www.srbatom.gov.rs\/srbatomm\/wp-json\/wp\/v2\/media?parent=13483"}],"curies":[{"name":"wp","href":"https:\/\/api.w.org\/{rel}","templated":true}]}}